{"id":318,"date":"2021-02-05T17:28:36","date_gmt":"2021-02-05T17:28:36","guid":{"rendered":"https:\/\/stuartwebsterhorticulture.com\/?page_id=318"},"modified":"2021-02-05T17:29:38","modified_gmt":"2021-02-05T17:29:38","slug":"emplois","status":"publish","type":"page","link":"https:\/\/stuartwebsterhorticulture.com\/fr\/emplois\/","title":{"rendered":"Emplois"},"content":{"rendered":"<p>[et_pb_section fb_built=\u00a0\u00bb1&Prime; fullwidth=\u00a0\u00bbon\u00a0\u00bb _builder_version=\u00a0\u00bb4.4.7&Prime; background_color=\u00a0\u00bb#bfbfbf\u00a0\u00bb max_height=\u00a0\u00bb600px\u00a0\u00bb][et_pb_fullwidth_image src=\u00a0\u00bbhttp:\/\/stuartwebsterhorticulture.com\/wp-content\/uploads\/2021\/01\/Horticultural-6.jpg\u00a0\u00bb alt=\u00a0\u00bbworkshop_bricks\u00a0\u00bb title_text=\u00a0\u00bbHorticulture-6&Prime; _builder_version=\u00a0\u00bb4.8.1&Prime; background_enable_image=\u00a0\u00bboff\u00a0\u00bb max_height=\u00a0\u00bb528px\u00a0\u00bb custom_margin=\u00a0\u00bb||-3px|||\u00a0\u00bb custom_padding=\u00a0\u00bb||0px|||\u00a0\u00bb hover_enabled=\u00a0\u00bb0&Prime; background_last_edited=\u00a0\u00bbon|phone\u00a0\u00bb sticky_enabled=\u00a0\u00bb0&Prime;][\/et_pb_fullwidth_image][\/et_pb_section][et_pb_section fb_built=\u00a0\u00bb1&Prime; _builder_version=\u00a0\u00bb4.8.1&Prime; _module_preset=\u00a0\u00bbdefault\u00a0\u00bb][et_pb_row custom_padding_last_edited=\u00a0\u00bbon|desktop\u00a0\u00bb _builder_version=\u00a0\u00bb3.25&Prime; background_color=\u00a0\u00bb#ffffff\u00a0\u00bb custom_margin=\u00a0\u00bb-200px||80px|\u00a0\u00bb custom_padding=\u00a0\u00bb60px|60px|60px|60px\u00a0\u00bb custom_padding_tablet=\u00a0\u00bb\u00a0\u00bb custom_padding_phone=\u00a0\u00bb|40px||40px\u00a0\u00bb box_shadow_style=\u00a0\u00bbpreset3&Prime; box_shadow_vertical=\u00a0\u00bb15px\u00a0\u00bb box_shadow_blur=\u00a0\u00bb80px\u00a0\u00bb][et_pb_column type=\u00a0\u00bb4_4&Prime; _builder_version=\u00a0\u00bb3.25&Prime; custom_padding=\u00a0\u00bb|||\u00a0\u00bb custom_padding__hover=\u00a0\u00bb|||\u00a0\u00bb][et_pb_text _builder_version=\u00a0\u00bb4.8.1&Prime; text_font=\u00a0\u00bb||||||||\u00a0\u00bb text_font_size=\u00a0\u00bb18px\u00a0\u00bb header_font=\u00a0\u00bbPlayfair Display|700||on|||||\u00a0\u00bb header_font_size=\u00a0\u00bb38px\u00a0\u00bb header_letter_spacing=\u00a0\u00bb1px\u00a0\u00bb header_line_height=\u00a0\u00bb1.4em\u00a0\u00bb header_2_font=\u00a0\u00bb||||||||\u00a0\u00bb header_3_font=\u00a0\u00bb||||||||\u00a0\u00bb header_4_font=\u00a0\u00bbPlayfair Display||||||||\u00a0\u00bb header_4_text_align=\u00a0\u00bbleft\u00a0\u00bb header_4_text_color=\u00a0\u00bb#000000&Prime; header_4_line_height=\u00a0\u00bb1.5em\u00a0\u00bb header_5_font=\u00a0\u00bbPlayfair Display||||||||\u00a0\u00bb text_orientation=\u00a0\u00bbcenter\u00a0\u00bb max_width=\u00a0\u00bb550px\u00a0\u00bb module_alignment=\u00a0\u00bbcenter\u00a0\u00bb custom_margin=\u00a0\u00bb|||\u00a0\u00bb custom_margin_tablet=\u00a0\u00bb-25px||||false|false\u00a0\u00bb custom_margin_phone=\u00a0\u00bb\u00a0\u00bb custom_margin_last_edited=\u00a0\u00bbon|phone\u00a0\u00bb text_font_size_tablet=\u00a0\u00bb\u00a0\u00bb text_font_size_phone=\u00a0\u00bb16px\u00a0\u00bb text_font_size_last_edited=\u00a0\u00bbon|phone\u00a0\u00bb header_font_tablet=\u00a0\u00bb\u00a0\u00bb header_font_phone=\u00a0\u00bb\u00a0\u00bb header_font_last_edited=\u00a0\u00bbon|tablet\u00a0\u00bb header_font_size_tablet=\u00a0\u00bb30px\u00a0\u00bb header_font_size_phone=\u00a0\u00bb26px\u00a0\u00bb header_font_size_last_edited=\u00a0\u00bbon|phone\u00a0\u00bb locked=\u00a0\u00bboff\u00a0\u00bb]<\/p>\n<h1 style=\"text-align: center;\">Emplois<\/h1>\n<p><span lang=\"FR-CA\">Nous sommes toujours \u00e0 la recherche d\u2019horticulteurs passionn\u00e9s pour se joindre \u00e0 notre \u00e9quipe. T\u00e9l\u00e9chargez votre c.v.<\/span>dans le <span lang=\"FR-CA\">formulaire ci-dessous<\/span>.<\/p>\n<p>[\/et_pb_text][et_pb_text _builder_version=\u00a0\u00bb4.8.1&Prime; _module_preset=\u00a0\u00bbdefault\u00a0\u00bb]<\/p>\n<div class=\"forminator-ui forminator-custom-form forminator-custom-form-315 forminator-design--flat  forminator_ajax\" data-forminator-render=\"0\" data-form=\"forminator-module-315\" data-uid=\"69d29bc3a8bb7\"><br\/><\/div><form\n\t\t\t\tid=\"forminator-module-315\"\n\t\t\t\tclass=\"forminator-ui forminator-custom-form forminator-custom-form-315 forminator-design--flat  forminator_ajax\"\n\t\t\t\tmethod=\"post\"\n\t\t\t\tdata-forminator-render=\"0\"\n\t\t\t\tdata-form-id=\"315\"\n\t\t\t\tenctype=\"multipart\/form-data\" data-color-option=\"default\" data-design=\"flat\" data-grid=\"open\" style=\"display: none;\"\n\t\t\t\tdata-uid=\"69d29bc3a8bb7\"\n\t\t\t><div role=\"alert\" aria-live=\"polite\" class=\"forminator-response-message forminator-error\" aria-hidden=\"true\"><\/div><div class=\"forminator-row\"><div id=\"name-1\" class=\"forminator-field-name forminator-col forminator-col-4 \"><div class=\"forminator-field\"><label for=\"forminator-field-name-1_69d29bc3a8bb7\" id=\"forminator-field-name-1_69d29bc3a8bb7-label\" class=\"forminator-label\">Nom <span class=\"forminator-required\">*<\/span><\/label><input type=\"text\" name=\"name-1\" value=\"\" placeholder=\"i.e. Jean\" id=\"forminator-field-name-1_69d29bc3a8bb7\" class=\"forminator-input forminator-name--field\" aria-required=\"true\" autocomplete=\"name\" \/><\/div><\/div><div id=\"email-1\" class=\"forminator-field-email forminator-col forminator-col-4 \"><div class=\"forminator-field\"><label for=\"forminator-field-email-1_69d29bc3a8bb7\" id=\"forminator-field-email-1_69d29bc3a8bb7-label\" class=\"forminator-label\">Adresse de courriel <span class=\"forminator-required\">*<\/span><\/label><input type=\"email\" name=\"email-1\" value=\"\" placeholder=\"i.e. jean@doe.com\" id=\"forminator-field-email-1_69d29bc3a8bb7\" class=\"forminator-input forminator-email--field\" data-required=\"true\" aria-required=\"true\" autocomplete=\"email\" \/><\/div><\/div><div id=\"phone-1\" class=\"forminator-field-phone forminator-col forminator-col-4 \"><div class=\"forminator-field\"><label for=\"forminator-field-phone-1_69d29bc3a8bb7\" id=\"forminator-field-phone-1_69d29bc3a8bb7-label\" class=\"forminator-label\">No. de t\u00e9l\u00e9phone<\/label><input type=\"text\" name=\"phone-1\" value=\"\" placeholder=\"i.e. +1 3004005000\" id=\"forminator-field-phone-1_69d29bc3a8bb7\" class=\"forminator-input forminator-field--phone\" data-required=\"\" aria-required=\"false\" autocomplete=\"off\" \/><\/div><\/div><\/div><div class=\"forminator-row\"><div id=\"textarea-1\" class=\"forminator-field-textarea forminator-col forminator-col-12 \"><div class=\"forminator-field\"><label for=\"forminator-field-textarea-1_69d29bc3a8bb7\" id=\"forminator-field-textarea-1_69d29bc3a8bb7-label\" class=\"forminator-label\">Message<\/label><textarea name=\"textarea-1\" placeholder=\"Votre message...\" id=\"forminator-field-textarea-1_69d29bc3a8bb7\" class=\"forminator-textarea\" rows=\"6\" style=\"min-height:140px;\" maxlength=\"180\" ><\/textarea><span id=\"forminator-field-textarea-1_69d29bc3a8bb7-description\" class=\"forminator-description\"><span data-limit=\"180\" data-type=\"characters\" data-editor=\"\">0 \/ 180<\/span><\/span><\/div><\/div><\/div><div class=\"forminator-row\"><div id=\"upload-1\" class=\"forminator-field-upload forminator-col forminator-col-12 \"><div class=\"forminator-field\"><label for=\"forminator-field-upload-1_69d29bc3a8bb7\" id=\"forminator-field-upload-1_69d29bc3a8bb7-label\" class=\"forminator-label\">T\u00e9l\u00e9chargez CV<\/label><div class=\"forminator-file-upload \" data-element=\"upload-1_69d29bc3a8bb7\" aria-describedby=\"forminator-field-upload-1_69d29bc3a8bb7-description\"><input type=\"file\" name=\"upload-1\" id=\"forminator-field-upload-1_69d29bc3a8bb7\" class=\"forminator-input-file\" accept=\".doc,.docx,.pdf\" tabindex=\"-1\"><button id=\"forminator-field-upload-1_69d29bc3a8bb7_button\" class=\"forminator-button forminator-button-upload\" data-id=\"forminator-field-upload-1_69d29bc3a8bb7\">Choisissez un fichier<\/button><span data-empty-text=\"Aucun fichier s\u00e9lectionn\u00e9\">Aucun fichier s\u00e9lectionn\u00e9<\/span><button class=\"forminator-button-delete\" style=\"display: none;\"><i class=\"forminator-icon-close\" aria-hidden=\"true\"><\/i><span class=\"forminator-screen-reader-only\">Supprimer le fichier t\u00e9l\u00e9vers\u00e9<\/span><\/button><\/div><span id=\"forminator-field-upload-1_69d29bc3a8bb7-description\" class=\"forminator-description\">Le fichier ne peut pas d\u00e9passer 2MB. Veuillez soumettre l'un des formats suivants : .pdf, .doc, .docx<\/span><\/div><\/div><\/div><div class=\"forminator-row\" style=\"margin: 0;\"><div id=\"captcha-1\" class=\"forminator-field-captcha  forminator-col-12 \"><div class=\"forminator-captcha-left forminator-g-recaptcha recaptcha-invisible\" data-theme=\"light\" data-badge=\"inline\" data-sitekey=\"6LfQ19EaAAAAALPiQTrECaZFFxrXltE3g7NbQeg5\" data-size=\"invisible\"><\/div> <\/div><\/div><input type=\"hidden\" name=\"referer_url\" value=\"\" \/><div class=\"forminator-row forminator-row-last\"><div class=\"forminator-col\"><div class=\"forminator-field\"><button class=\"forminator-button forminator-button-submit\">Envoyer<\/button><\/div><\/div><\/div><input type=\"hidden\" id=\"forminator_nonce\" name=\"forminator_nonce\" value=\"c89c9f4a25\" \/><input type=\"hidden\" name=\"_wp_http_referer\" value=\"\/fr\/wp-json\/wp\/v2\/pages\/318\" \/><input type=\"hidden\" name=\"form_id\" value=\"315\"><input type=\"hidden\" name=\"page_id\" value=\"318\"><input type=\"hidden\" name=\"form_type\" value=\"default\"><input type=\"hidden\" name=\"current_url\" value=\"https:\/\/stuartwebsterhorticulture.com\/fr\/emplois\/\"><input type=\"hidden\" name=\"render_id\" value=\"0\"><input type=\"hidden\" name=\"action\" value=\"forminator_submit_form_custom-forms\"><label for=\"input_6\" class=\"forminator-hidden\" aria-hidden=\"true\">Veuillez ne pas remplir ce champ. <input id=\"input_6\" type=\"text\" name=\"input_6\" value=\"\" autocomplete=\"off\"><\/label><\/form>\n<p>[\/et_pb_text][\/et_pb_column][\/et_pb_row][\/et_pb_section]<\/p>\n","protected":false},"excerpt":{"rendered":"<p>Emplois Nous sommes toujours \u00e0 la recherche d\u2019horticulteurs passionn\u00e9s pour se joindre \u00e0 notre \u00e9quipe. T\u00e9l\u00e9chargez votre c.v.dans le formulaire ci-dessous.<div class=\"forminator-ui forminator-custom-form forminator-custom-form-315 forminator-design--flat  forminator_ajax\" data-forminator-render=\"1\" data-form=\"forminator-module-315\" data-uid=\"69d29bc3b5a11\"><br\/><\/div><form\n\t\t\t\tid=\"forminator-module-315\"\n\t\t\t\tclass=\"forminator-ui forminator-custom-form forminator-custom-form-315 forminator-design--flat  forminator_ajax\"\n\t\t\t\tmethod=\"post\"\n\t\t\t\tdata-forminator-render=\"1\"\n\t\t\t\tdata-form-id=\"315\"\n\t\t\t\tenctype=\"multipart\/form-data\" data-color-option=\"default\" data-design=\"flat\" data-grid=\"open\" style=\"display: none;\"\n\t\t\t\tdata-uid=\"69d29bc3b5a11\"\n\t\t\t><div role=\"alert\" aria-live=\"polite\" class=\"forminator-response-message forminator-error\" aria-hidden=\"true\"><\/div><div class=\"forminator-row\"><div id=\"name-1\" class=\"forminator-field-name forminator-col forminator-col-4 \"><div class=\"forminator-field\"><label for=\"forminator-field-name-1_69d29bc3b5a11\" id=\"forminator-field-name-1_69d29bc3b5a11-label\" class=\"forminator-label\">Nom <span class=\"forminator-required\">*<\/span><\/label><input type=\"text\" name=\"name-1\" value=\"\" placeholder=\"i.e. Jean\" id=\"forminator-field-name-1_69d29bc3b5a11\" class=\"forminator-input forminator-name--field\" aria-required=\"true\" autocomplete=\"name\" \/><\/div><\/div><div id=\"email-1\" class=\"forminator-field-email forminator-col forminator-col-4 \"><div class=\"forminator-field\"><label for=\"forminator-field-email-1_69d29bc3b5a11\" id=\"forminator-field-email-1_69d29bc3b5a11-label\" class=\"forminator-label\">Adresse de courriel <span class=\"forminator-required\">*<\/span><\/label><input type=\"email\" name=\"email-1\" value=\"\" placeholder=\"i.e. jean@doe.com\" id=\"forminator-field-email-1_69d29bc3b5a11\" class=\"forminator-input forminator-email--field\" data-required=\"true\" aria-required=\"true\" autocomplete=\"email\" \/><\/div><\/div><div id=\"phone-1\" class=\"forminator-field-phone forminator-col forminator-col-4 \"><div class=\"forminator-field\"><label for=\"forminator-field-phone-1_69d29bc3b5a11\" id=\"forminator-field-phone-1_69d29bc3b5a11-label\" class=\"forminator-label\">No. de t\u00e9l\u00e9phone<\/label><input type=\"text\" name=\"phone-1\" value=\"\" placeholder=\"i.e. +1 3004005000\" id=\"forminator-field-phone-1_69d29bc3b5a11\" class=\"forminator-input forminator-field--phone\" data-required=\"\" aria-required=\"false\" autocomplete=\"off\" \/><\/div><\/div><\/div><div class=\"forminator-row\"><div id=\"textarea-1\" class=\"forminator-field-textarea forminator-col forminator-col-12 \"><div class=\"forminator-field\"><label for=\"forminator-field-textarea-1_69d29bc3b5a11\" id=\"forminator-field-textarea-1_69d29bc3b5a11-label\" class=\"forminator-label\">Message<\/label><textarea name=\"textarea-1\" placeholder=\"Votre message...\" id=\"forminator-field-textarea-1_69d29bc3b5a11\" class=\"forminator-textarea\" rows=\"6\" style=\"min-height:140px;\" maxlength=\"180\" ><\/textarea><span id=\"forminator-field-textarea-1_69d29bc3b5a11-description\" class=\"forminator-description\"><span data-limit=\"180\" data-type=\"characters\" data-editor=\"\">0 \/ 180<\/span><\/span><\/div><\/div><\/div><div class=\"forminator-row\"><div id=\"upload-1\" class=\"forminator-field-upload forminator-col forminator-col-12 \"><div class=\"forminator-field\"><label for=\"forminator-field-upload-1_69d29bc3b5a11\" id=\"forminator-field-upload-1_69d29bc3b5a11-label\" class=\"forminator-label\">T\u00e9l\u00e9chargez CV<\/label><div class=\"forminator-file-upload \" data-element=\"upload-1_69d29bc3b5a11\" aria-describedby=\"forminator-field-upload-1_69d29bc3b5a11-description\"><input type=\"file\" name=\"upload-1\" id=\"forminator-field-upload-1_69d29bc3b5a11\" class=\"forminator-input-file\" accept=\".doc,.docx,.pdf\" tabindex=\"-1\"><button id=\"forminator-field-upload-1_69d29bc3b5a11_button\" class=\"forminator-button forminator-button-upload\" data-id=\"forminator-field-upload-1_69d29bc3b5a11\">Choisissez un fichier<\/button><span data-empty-text=\"Aucun fichier s\u00e9lectionn\u00e9\">Aucun fichier s\u00e9lectionn\u00e9<\/span><button class=\"forminator-button-delete\" style=\"display: none;\"><i class=\"forminator-icon-close\" aria-hidden=\"true\"><\/i><span class=\"forminator-screen-reader-only\">Supprimer le fichier t\u00e9l\u00e9vers\u00e9<\/span><\/button><\/div><span id=\"forminator-field-upload-1_69d29bc3b5a11-description\" class=\"forminator-description\">Le fichier ne peut pas d\u00e9passer 2MB. Veuillez soumettre l'un des formats suivants : .pdf, .doc, .docx<\/span><\/div><\/div><\/div><div class=\"forminator-row\" style=\"margin: 0;\"><div id=\"captcha-1\" class=\"forminator-field-captcha  forminator-col-12 \"><div class=\"forminator-captcha-left forminator-g-recaptcha recaptcha-invisible\" data-theme=\"light\" data-badge=\"inline\" data-sitekey=\"6LfQ19EaAAAAALPiQTrECaZFFxrXltE3g7NbQeg5\" data-size=\"invisible\"><\/div> <\/div><\/div><input type=\"hidden\" name=\"referer_url\" value=\"\" \/><div class=\"forminator-row forminator-row-last\"><div class=\"forminator-col\"><div class=\"forminator-field\"><button class=\"forminator-button forminator-button-submit\">Envoyer<\/button><\/div><\/div><\/div><input type=\"hidden\" id=\"forminator_nonce\" name=\"forminator_nonce\" value=\"c89c9f4a25\" \/><input type=\"hidden\" name=\"_wp_http_referer\" value=\"\/fr\/wp-json\/wp\/v2\/pages\/318\" \/><input type=\"hidden\" name=\"form_id\" value=\"315\"><input type=\"hidden\" name=\"page_id\" value=\"318\"><input type=\"hidden\" name=\"form_type\" value=\"default\"><input type=\"hidden\" name=\"current_url\" value=\"https:\/\/stuartwebsterhorticulture.com\/fr\/emplois\/\"><input type=\"hidden\" name=\"render_id\" value=\"1\"><input type=\"hidden\" name=\"action\" value=\"forminator_submit_form_custom-forms\"><label for=\"input_6\" class=\"forminator-hidden\" aria-hidden=\"true\">Veuillez ne pas remplir ce champ. <input id=\"input_6\" type=\"text\" name=\"input_6\" value=\"\" autocomplete=\"off\"><\/label><label for=\"input_6\" class=\"forminator-hidden\" aria-hidden=\"true\">Veuillez ne pas remplir ce champ. <input id=\"input_6\" type=\"text\" name=\"input_6\" value=\"\" autocomplete=\"off\"><\/label><\/form><\/p>\n","protected":false},"author":2,"featured_media":0,"parent":0,"menu_order":0,"comment_status":"closed","ping_status":"closed","template":"","meta":{"_et_pb_use_builder":"on","_et_pb_old_content":"","_et_gb_content_width":"","footnotes":""},"class_list":["post-318","page","type-page","status-publish","hentry"],"_links":{"self":[{"href":"https:\/\/stuartwebsterhorticulture.com\/fr\/wp-json\/wp\/v2\/pages\/318","targetHints":{"allow":["GET"]}}],"collection":[{"href":"https:\/\/stuartwebsterhorticulture.com\/fr\/wp-json\/wp\/v2\/pages"}],"about":[{"href":"https:\/\/stuartwebsterhorticulture.com\/fr\/wp-json\/wp\/v2\/types\/page"}],"author":[{"embeddable":true,"href":"https:\/\/stuartwebsterhorticulture.com\/fr\/wp-json\/wp\/v2\/users\/2"}],"replies":[{"embeddable":true,"href":"https:\/\/stuartwebsterhorticulture.com\/fr\/wp-json\/wp\/v2\/comments?post=318"}],"version-history":[{"count":15,"href":"https:\/\/stuartwebsterhorticulture.com\/fr\/wp-json\/wp\/v2\/pages\/318\/revisions"}],"predecessor-version":[{"id":345,"href":"https:\/\/stuartwebsterhorticulture.com\/fr\/wp-json\/wp\/v2\/pages\/318\/revisions\/345"}],"wp:attachment":[{"href":"https:\/\/stuartwebsterhorticulture.com\/fr\/wp-json\/wp\/v2\/media?parent=318"}],"curies":[{"name":"wp","href":"https:\/\/api.w.org\/{rel}","templated":true}]}}