{"id":233,"date":"2021-01-28T16:10:09","date_gmt":"2021-01-28T16:10:09","guid":{"rendered":"https:\/\/stuartwebsterhorticulture.com\/entretien-horticole\/"},"modified":"2021-01-28T16:10:10","modified_gmt":"2021-01-28T16:10:10","slug":"entretien-horticole","status":"publish","type":"page","link":"https:\/\/stuartwebsterhorticulture.com\/fr\/entretien-horticole\/","title":{"rendered":"ENTRETIEN HORTICOLE"},"content":{"rendered":"<p>[et_pb_section fb_built=\u00a0\u00bb1&Prime; admin_label=\u00a0\u00bbLook Inside Section\u00a0\u00bb _builder_version=\u00a0\u00bb4.4.7&Prime; background_color=\u00a0\u00bb#818285&Prime; background_enable_image=\u00a0\u00bboff\u00a0\u00bb custom_padding=\u00a0\u00bb0px||0px|\u00a0\u00bb][et_pb_row column_structure=\u00a0\u00bb3_5,2_5&Prime; use_custom_gutter=\u00a0\u00bbon\u00a0\u00bb gutter_width=\u00a0\u00bb1&Prime; make_equal=\u00a0\u00bbon\u00a0\u00bb module_class=\u00a0\u00bb et_pb_row_fullwidth\u00a0\u00bb _builder_version=\u00a0\u00bb4.8.1&Prime; width=\u00a0\u00bb100%\u00a0\u00bb width_tablet=\u00a0\u00bb100%\u00a0\u00bb width_phone=\u00a0\u00bb\u00a0\u00bb width_last_edited=\u00a0\u00bbon|desktop\u00a0\u00bb max_width=\u00a0\u00bb100%\u00a0\u00bb max_width_tablet=\u00a0\u00bb100%\u00a0\u00bb max_width_phone=\u00a0\u00bb\u00a0\u00bb max_width_last_edited=\u00a0\u00bbon|desktop\u00a0\u00bb custom_padding=\u00a0\u00bb0px||0px|\u00a0\u00bb make_fullwidth=\u00a0\u00bbon\u00a0\u00bb][et_pb_column type=\u00a0\u00bb3_5&Prime; _builder_version=\u00a0\u00bb4.8.1&Prime; background_image=\u00a0\u00bbhttp:\/\/stuartwebsterhorticulture.com\/wp-content\/uploads\/2021\/01\/Horticultural-8.jpg\u00a0\u00bb custom_padding=\u00a0\u00bb|||\u00a0\u00bb custom_padding_tablet=\u00a0\u00bb300px||||false|false\u00a0\u00bb custom_padding_phone=\u00a0\u00bb\u00a0\u00bb custom_padding_last_edited=\u00a0\u00bbon|desktop\u00a0\u00bb custom_padding__hover=\u00a0\u00bb|||\u00a0\u00bb][et_pb_image align_tablet=\u00a0\u00bbcenter\u00a0\u00bb align_phone=\u00a0\u00bb\u00a0\u00bb align_last_edited=\u00a0\u00bbon|desktop\u00a0\u00bb _builder_version=\u00a0\u00bb4.4.7&Prime; animation_style=\u00a0\u00bbslide\u00a0\u00bb animation_direction=\u00a0\u00bbleft\u00a0\u00bb animation_duration=\u00a0\u00bb500ms\u00a0\u00bb animation_intensity_slide=\u00a0\u00bb10%\u00a0\u00bb][\/et_pb_image][\/et_pb_column][et_pb_column type=\u00a0\u00bb2_5&Prime; _builder_version=\u00a0\u00bb4.4.7&Prime; background_color=\u00a0\u00bb#ffffff\u00a0\u00bb custom_padding=\u00a0\u00bb10%|6%|10%|6%|false|false\u00a0\u00bb custom_padding_tablet=\u00a0\u00bb3%|6%|3%|6%|true|false\u00a0\u00bb custom_padding_phone=\u00a0\u00bb\u00a0\u00bb custom_padding_last_edited=\u00a0\u00bbon|desktop\u00a0\u00bb custom_padding__hover=\u00a0\u00bb|||\u00a0\u00bb][et_pb_text admin_label=\u00a0\u00bbMaintenance Title\u00a0\u00bb _builder_version=\u00a0\u00bb4.8.1&Prime; text_font=\u00a0\u00bb||||\u00a0\u00bb text_text_color=\u00a0\u00bb#1a1a1a\u00a0\u00bb header_font=\u00a0\u00bbPlayfair Display|700|||||||\u00a0\u00bb header_text_align=\u00a0\u00bbleft\u00a0\u00bb header_font_size=\u00a0\u00bb38px\u00a0\u00bb header_line_height=\u00a0\u00bb1.3em\u00a0\u00bb max_width=\u00a0\u00bb450px\u00a0\u00bb custom_margin=\u00a0\u00bb|||\u00a0\u00bb custom_padding=\u00a0\u00bb|||\u00a0\u00bb animation_style=\u00a0\u00bbslide\u00a0\u00bb animation_direction=\u00a0\u00bbtop\u00a0\u00bb animation_intensity_slide=\u00a0\u00bb10%\u00a0\u00bb hover_enabled=\u00a0\u00bb0&Prime; header_font_size_tablet=\u00a0\u00bb28px\u00a0\u00bb header_font_size_phone=\u00a0\u00bb22px\u00a0\u00bb header_font_size_last_edited=\u00a0\u00bbon|phone\u00a0\u00bb locked=\u00a0\u00bboff\u00a0\u00bb sticky_enabled=\u00a0\u00bb0&Prime;]<\/p>\n<h1>Entretien<\/h1>\n<p>[\/et_pb_text][et_pb_divider color=\u00a0\u00bb#1057A3&Prime; divider_position=\u00a0\u00bbcenter\u00a0\u00bb divider_weight=\u00a0\u00bb3px\u00a0\u00bb divider_weight_tablet=\u00a0\u00bb2px\u00a0\u00bb divider_weight_phone=\u00a0\u00bb\u00a0\u00bb divider_weight_last_edited=\u00a0\u00bbon|tablet\u00a0\u00bb disabled_on=\u00a0\u00bboff|off|off\u00a0\u00bb _builder_version=\u00a0\u00bb4.8.1&Prime; width_tablet=\u00a0\u00bb\u00a0\u00bb width_phone=\u00a0\u00bb\u00a0\u00bb width_last_edited=\u00a0\u00bbon|tablet\u00a0\u00bb max_width=\u00a0\u00bb150px\u00a0\u00bb max_width_tablet=\u00a0\u00bb15%\u00a0\u00bb max_width_phone=\u00a0\u00bb\u00a0\u00bb max_width_last_edited=\u00a0\u00bbon|tablet\u00a0\u00bb height=\u00a0\u00bbfalse\u00a0\u00bb custom_margin=\u00a0\u00bb||||false|false\u00a0\u00bb animation_style=\u00a0\u00bbslide\u00a0\u00bb animation_direction=\u00a0\u00bbtop\u00a0\u00bb animation_delay=\u00a0\u00bb100ms\u00a0\u00bb animation_intensity_slide=\u00a0\u00bb10%\u00a0\u00bb locked=\u00a0\u00bboff\u00a0\u00bb][\/et_pb_divider][et_pb_text content_tablet=\u00a0\u00bb<\/p>\n<h2>ENTRETIEN HORTICOLE<\/h2>\n<ul>\n<li>\u00c9valuation de site et consultation<\/li>\n<li>Entretien des plates-bandes<\/li>\n<li>D\u00e9sherbage et d\u00e9coupage des bordures<\/li>\n<li>Taille et \u00e9lagage<\/li>\n<li>A\u00e9ration du sol, fertilisation et amendement<\/li>\n<li>Protection et traitement des plantes<\/li>\n<li>Fermeture (incluant rabattre, tailler, attacher et prot\u00e9ger les v\u00e9g\u00e9taux)<\/li>\n<\/ul>\n<p>\u00a0\u00bb content_phone=\u00a0\u00bb<\/p>\n<h2>ENTRETIEN HORTICOLE<\/h2>\n<ul>\n<li>\u00c9valuation de site et consultation<\/li>\n<li>Entretien des plates-bandes<\/li>\n<li>D\u00e9sherbage et d\u00e9coupage des bordures<\/li>\n<li>Taille et \u00e9lagage<\/li>\n<li>A\u00e9ration du sol, fertilisation et amendement<\/li>\n<li>Protection et traitement des plantes<\/li>\n<li>Fermeture (incluant rabattre, tailler, attacher et prot\u00e9ger les v\u00e9g\u00e9taux)<\/li>\n<\/ul>\n<p>\u00a0\u00bb content_last_edited=\u00a0\u00bbon|phone\u00a0\u00bb admin_label=\u00a0\u00bbMaintenance services\u00a0\u00bb _builder_version=\u00a0\u00bb4.8.1&Prime; text_font=\u00a0\u00bbPoppins||||||||\u00a0\u00bb text_text_color=\u00a0\u00bb#000000&Prime; text_line_height=\u00a0\u00bb1.4em\u00a0\u00bb header_2_font=\u00a0\u00bbPoppins|700|||||||\u00a0\u00bb header_2_text_color=\u00a0\u00bb#1057A3&Prime; header_2_font_size=\u00a0\u00bb16px\u00a0\u00bb max_width=\u00a0\u00bb450px\u00a0\u00bb min_height=\u00a0\u00bb78px\u00a0\u00bb custom_padding=\u00a0\u00bb29px|||||\u00a0\u00bb animation_style=\u00a0\u00bbslide\u00a0\u00bb animation_direction=\u00a0\u00bbtop\u00a0\u00bb animation_delay=\u00a0\u00bb200ms\u00a0\u00bb animation_intensity_slide=\u00a0\u00bb10%\u00a0\u00bb hover_enabled=\u00a0\u00bb0&Prime; text_font_size_tablet=\u00a0\u00bb13px\u00a0\u00bb text_font_size_phone=\u00a0\u00bb\u00a0\u00bb text_font_size_last_edited=\u00a0\u00bbon|phone\u00a0\u00bb header_font_tablet=\u00a0\u00bb\u00a0\u00bb header_font_phone=\u00a0\u00bb\u00a0\u00bb header_font_last_edited=\u00a0\u00bbon|phone\u00a0\u00bb header_2_font_size_tablet=\u00a0\u00bb14px\u00a0\u00bb header_2_font_size_phone=\u00a0\u00bb\u00a0\u00bb header_2_font_size_last_edited=\u00a0\u00bbon|phone\u00a0\u00bb locked=\u00a0\u00bboff\u00a0\u00bb sticky_enabled=\u00a0\u00bb0&Prime;]<\/p>\n<h2>ENTRETIEN HORTICOLE<\/h2>\n<ul>\n<li>\u00c9valuation de site et consultation<\/li>\n<li>Entretien des plates-bandes<\/li>\n<li>D\u00e9sherbage et d\u00e9coupage des bordures<\/li>\n<li>Taille et \u00e9lagage<\/li>\n<li>A\u00e9ration du sol, fertilisation et amendement<\/li>\n<li>Protection et traitement des plantes<\/li>\n<li>Fermeture (incluant rabattre, tailler, attacher et prot\u00e9ger les v\u00e9g\u00e9taux)<\/li>\n<\/ul>\n<p>[\/et_pb_text][et_pb_divider show_divider=\u00a0\u00bboff\u00a0\u00bb _builder_version=\u00a0\u00bb4.8.1&Prime; _module_preset=\u00a0\u00bbdefault\u00a0\u00bb custom_padding=\u00a0\u00bb50px||50px||false|false\u00a0\u00bb][\/et_pb_divider][\/et_pb_column][\/et_pb_row][\/et_pb_section]<\/p>\n","protected":false},"excerpt":{"rendered":"<p>EntretienENTRETIEN HORTICOLE \u00c9valuation de site et consultation Entretien des plates-bandes D\u00e9sherbage et d\u00e9coupage des bordures Taille et \u00e9lagage A\u00e9ration du sol, fertilisation et amendement Protection et traitement des plantes Fermeture (incluant rabattre, tailler, attacher et prot\u00e9ger les v\u00e9g\u00e9taux)<\/p>\n","protected":false},"author":2,"featured_media":0,"parent":0,"menu_order":0,"comment_status":"closed","ping_status":"closed","template":"","meta":{"_et_pb_use_builder":"on","_et_pb_old_content":"","_et_gb_content_width":"","footnotes":""},"class_list":["post-233","page","type-page","status-publish","hentry"],"_links":{"self":[{"href":"https:\/\/stuartwebsterhorticulture.com\/fr\/wp-json\/wp\/v2\/pages\/233","targetHints":{"allow":["GET"]}}],"collection":[{"href":"https:\/\/stuartwebsterhorticulture.com\/fr\/wp-json\/wp\/v2\/pages"}],"about":[{"href":"https:\/\/stuartwebsterhorticulture.com\/fr\/wp-json\/wp\/v2\/types\/page"}],"author":[{"embeddable":true,"href":"https:\/\/stuartwebsterhorticulture.com\/fr\/wp-json\/wp\/v2\/users\/2"}],"replies":[{"embeddable":true,"href":"https:\/\/stuartwebsterhorticulture.com\/fr\/wp-json\/wp\/v2\/comments?post=233"}],"version-history":[{"count":2,"href":"https:\/\/stuartwebsterhorticulture.com\/fr\/wp-json\/wp\/v2\/pages\/233\/revisions"}],"predecessor-version":[{"id":235,"href":"https:\/\/stuartwebsterhorticulture.com\/fr\/wp-json\/wp\/v2\/pages\/233\/revisions\/235"}],"wp:attachment":[{"href":"https:\/\/stuartwebsterhorticulture.com\/fr\/wp-json\/wp\/v2\/media?parent=233"}],"curies":[{"name":"wp","href":"https:\/\/api.w.org\/{rel}","templated":true}]}}