{"id":226,"date":"2021-01-28T16:07:12","date_gmt":"2021-01-28T16:07:12","guid":{"rendered":"https:\/\/stuartwebsterhorticulture.com\/service-de-plantation\/"},"modified":"2021-02-02T19:36:07","modified_gmt":"2021-02-02T19:36:07","slug":"service-de-plantation","status":"publish","type":"page","link":"https:\/\/stuartwebsterhorticulture.com\/fr\/service-de-plantation\/","title":{"rendered":"Plantations et arrangements"},"content":{"rendered":"<p>[et_pb_section fb_built=\u00a0\u00bb1&Prime; admin_label=\u00a0\u00bbLook Inside Section\u00a0\u00bb _builder_version=\u00a0\u00bb4.4.7&Prime; background_color=\u00a0\u00bb#818285&Prime; background_enable_image=\u00a0\u00bboff\u00a0\u00bb custom_padding=\u00a0\u00bb0px||0px|\u00a0\u00bb][et_pb_row column_structure=\u00a0\u00bb3_5,2_5&Prime; use_custom_gutter=\u00a0\u00bbon\u00a0\u00bb gutter_width=\u00a0\u00bb1&Prime; make_equal=\u00a0\u00bbon\u00a0\u00bb module_class=\u00a0\u00bb et_pb_row_fullwidth\u00a0\u00bb _builder_version=\u00a0\u00bb4.8.1&Prime; width=\u00a0\u00bb100%\u00a0\u00bb width_tablet=\u00a0\u00bb100%\u00a0\u00bb width_phone=\u00a0\u00bb\u00a0\u00bb width_last_edited=\u00a0\u00bbon|desktop\u00a0\u00bb max_width=\u00a0\u00bb100%\u00a0\u00bb max_width_tablet=\u00a0\u00bb100%\u00a0\u00bb max_width_phone=\u00a0\u00bb\u00a0\u00bb max_width_last_edited=\u00a0\u00bbon|desktop\u00a0\u00bb custom_padding=\u00a0\u00bb0px||0px|\u00a0\u00bb make_fullwidth=\u00a0\u00bbon\u00a0\u00bb][et_pb_column type=\u00a0\u00bb3_5&Prime; _builder_version=\u00a0\u00bb4.8.1&Prime; background_image=\u00a0\u00bbhttp:\/\/stuartwebsterhorticulture.com\/wp-content\/uploads\/2021\/01\/Planters-6.jpg\u00a0\u00bb custom_padding=\u00a0\u00bb5%||5%||false|false\u00a0\u00bb custom_padding_tablet=\u00a0\u00bb300px||||false|false\u00a0\u00bb custom_padding_phone=\u00a0\u00bb\u00a0\u00bb custom_padding_last_edited=\u00a0\u00bbon|desktop\u00a0\u00bb custom_padding__hover=\u00a0\u00bb|||\u00a0\u00bb][et_pb_image align_tablet=\u00a0\u00bbcenter\u00a0\u00bb align_phone=\u00a0\u00bb\u00a0\u00bb align_last_edited=\u00a0\u00bbon|desktop\u00a0\u00bb _builder_version=\u00a0\u00bb4.4.7&Prime; animation_style=\u00a0\u00bbslide\u00a0\u00bb animation_direction=\u00a0\u00bbleft\u00a0\u00bb animation_duration=\u00a0\u00bb500ms\u00a0\u00bb animation_intensity_slide=\u00a0\u00bb10%\u00a0\u00bb][\/et_pb_image][\/et_pb_column][et_pb_column type=\u00a0\u00bb2_5&Prime; _builder_version=\u00a0\u00bb4.4.7&Prime; background_color=\u00a0\u00bb#ffffff\u00a0\u00bb custom_padding=\u00a0\u00bb10%|6%|10%|6%|false|false\u00a0\u00bb custom_padding_tablet=\u00a0\u00bb3%|6%|3%|6%|true|false\u00a0\u00bb custom_padding_phone=\u00a0\u00bb\u00a0\u00bb custom_padding_last_edited=\u00a0\u00bbon|desktop\u00a0\u00bb custom_padding__hover=\u00a0\u00bb|||\u00a0\u00bb][et_pb_text admin_label=\u00a0\u00bbLook Inside Title\u00a0\u00bb _builder_version=\u00a0\u00bb4.4.7&Prime; text_font=\u00a0\u00bb||||\u00a0\u00bb text_text_color=\u00a0\u00bb#1a1a1a\u00a0\u00bb header_font=\u00a0\u00bbPlayfair Display|700|||||||\u00a0\u00bb header_text_align=\u00a0\u00bbleft\u00a0\u00bb header_font_size=\u00a0\u00bb38px\u00a0\u00bb header_line_height=\u00a0\u00bb1.3em\u00a0\u00bb max_width=\u00a0\u00bb450px\u00a0\u00bb custom_margin=\u00a0\u00bb|||\u00a0\u00bb custom_padding=\u00a0\u00bb|||\u00a0\u00bb animation_style=\u00a0\u00bbslide\u00a0\u00bb animation_direction=\u00a0\u00bbtop\u00a0\u00bb animation_intensity_slide=\u00a0\u00bb10%\u00a0\u00bb header_font_size_tablet=\u00a0\u00bb28px\u00a0\u00bb header_font_size_phone=\u00a0\u00bb22px\u00a0\u00bb header_font_size_last_edited=\u00a0\u00bbon|phone\u00a0\u00bb locked=\u00a0\u00bboff\u00a0\u00bb]<\/p>\n<h1>Nos services<\/h1>\n<p>[\/et_pb_text][et_pb_divider color=\u00a0\u00bb#1057A3&Prime; divider_position=\u00a0\u00bbcenter\u00a0\u00bb divider_weight=\u00a0\u00bb3px\u00a0\u00bb divider_weight_tablet=\u00a0\u00bb2px\u00a0\u00bb divider_weight_phone=\u00a0\u00bb\u00a0\u00bb divider_weight_last_edited=\u00a0\u00bbon|tablet\u00a0\u00bb disabled_on=\u00a0\u00bboff|off|off\u00a0\u00bb _builder_version=\u00a0\u00bb4.8.1&Prime; width_tablet=\u00a0\u00bb\u00a0\u00bb width_phone=\u00a0\u00bb\u00a0\u00bb width_last_edited=\u00a0\u00bbon|tablet\u00a0\u00bb max_width=\u00a0\u00bb150px\u00a0\u00bb max_width_tablet=\u00a0\u00bb15%\u00a0\u00bb max_width_phone=\u00a0\u00bb\u00a0\u00bb max_width_last_edited=\u00a0\u00bbon|tablet\u00a0\u00bb height=\u00a0\u00bbfalse\u00a0\u00bb custom_margin=\u00a0\u00bb||||false|false\u00a0\u00bb animation_style=\u00a0\u00bbslide\u00a0\u00bb animation_direction=\u00a0\u00bbtop\u00a0\u00bb animation_delay=\u00a0\u00bb100ms\u00a0\u00bb animation_intensity_slide=\u00a0\u00bb10%\u00a0\u00bb locked=\u00a0\u00bboff\u00a0\u00bb][\/et_pb_divider][et_pb_text content_tablet=\u00a0\u00bb<\/p>\n<h2>SERVICE DE PLANTATION<\/h2>\n<ul>\n<li>\n<p>Ajout et transplantation de vivaces, arbustes et arbres <\/p>\n<\/li>\n<li>\n<p>Annuelles d\u2019\u00e9t\u00e9, l\u00e9gumes et fines herbes<\/p>\n<\/li>\n<li>\n<p>Annuelles d\u2019automne<\/p>\n<\/li>\n<li>\n<p>Bulbes printaniers<\/p>\n<\/li>\n<li>\n<p>Arrangements pour l\u2019halloween<\/p>\n<\/li>\n<li>\n<p>Arrangements pour pots pour l\u2019hiver<\/p>\n<\/li>\n<li>\n<p>Pots et plantes pour l\u2019int\u00e9rieur<\/p>\n<\/li>\n<\/ul>\n<ul><\/ul>\n<p>\u00a0\u00bb content_phone=\u00a0\u00bb<\/p>\n<h2>SERVICE DE PLANTATION<\/h2>\n<ul>\n<li>\n<p>Ajout et transplantation de vivaces, arbustes et arbres <\/p>\n<\/li>\n<li>\n<p>Annuelles d\u2019\u00e9t\u00e9, l\u00e9gumes et fines herbes<\/p>\n<\/li>\n<li>\n<p>Annuelles d\u2019automne<\/p>\n<\/li>\n<li>\n<p>Bulbes printaniers<\/p>\n<\/li>\n<li>\n<p>Arrangements pour l\u2019halloween<\/p>\n<\/li>\n<li>\n<p>Arrangements pour pots pour l\u2019hiver<\/p>\n<\/li>\n<li>\n<p>Pots et plantes pour l\u2019int\u00e9rieur<\/p>\n<\/li>\n<\/ul>\n<p>\u00a0\u00bb content_last_edited=\u00a0\u00bbon|phone\u00a0\u00bb admin_label=\u00a0\u00bbLook Inside Sub Title\u00a0\u00bb _builder_version=\u00a0\u00bb4.8.1&Prime; text_font=\u00a0\u00bbPoppins||||||||\u00a0\u00bb text_text_color=\u00a0\u00bb#000000&Prime; text_line_height=\u00a0\u00bb1.4em\u00a0\u00bb header_2_font=\u00a0\u00bbPoppins|700|||||||\u00a0\u00bb header_2_text_color=\u00a0\u00bb#1057A3&Prime; header_2_font_size=\u00a0\u00bb16px\u00a0\u00bb max_width=\u00a0\u00bb450px\u00a0\u00bb min_height=\u00a0\u00bb78px\u00a0\u00bb custom_padding=\u00a0\u00bb29px|||||\u00a0\u00bb animation_style=\u00a0\u00bbslide\u00a0\u00bb animation_direction=\u00a0\u00bbtop\u00a0\u00bb animation_delay=\u00a0\u00bb200ms\u00a0\u00bb animation_intensity_slide=\u00a0\u00bb10%\u00a0\u00bb text_font_size_tablet=\u00a0\u00bb13px\u00a0\u00bb text_font_size_phone=\u00a0\u00bb\u00a0\u00bb text_font_size_last_edited=\u00a0\u00bbon|phone\u00a0\u00bb header_font_tablet=\u00a0\u00bb\u00a0\u00bb header_font_phone=\u00a0\u00bb\u00a0\u00bb header_font_last_edited=\u00a0\u00bbon|phone\u00a0\u00bb header_2_font_size_tablet=\u00a0\u00bb14px\u00a0\u00bb header_2_font_size_phone=\u00a0\u00bb\u00a0\u00bb header_2_font_size_last_edited=\u00a0\u00bbon|phone\u00a0\u00bb locked=\u00a0\u00bboff\u00a0\u00bb]<\/p>\n<h2>PLANTATIONS ET ARRANGEMENTS<\/h2>\n<ul>\n<li>Ajout et transplantation de vivaces, arbustes et arbres<\/li>\n<li>Annuelles d\u2019\u00e9t\u00e9, l\u00e9gumes et fines herbes<\/li>\n<li>Annuelles d\u2019automne<\/li>\n<li>Bulbes printaniers<\/li>\n<li>Arrangements pour l\u2019halloween<\/li>\n<li>Arrangements pour pots pour l\u2019hiver<\/li>\n<li>Pots et plantes pour l\u2019int\u00e9rieur<\/li>\n<\/ul>\n<p>[\/et_pb_text][et_pb_divider show_divider=\u00a0\u00bboff\u00a0\u00bb _builder_version=\u00a0\u00bb4.8.1&Prime; _module_preset=\u00a0\u00bbdefault\u00a0\u00bb custom_padding=\u00a0\u00bb50px||50px||false|false\u00a0\u00bb][\/et_pb_divider][\/et_pb_column][\/et_pb_row][\/et_pb_section]<\/p>\n","protected":false},"excerpt":{"rendered":"<p>Nos servicesPLANTATIONS ET ARRANGEMENTS Ajout et transplantation de vivaces, arbustes et arbres Annuelles d\u2019\u00e9t\u00e9, l\u00e9gumes et fines herbes Annuelles d\u2019automne Bulbes printaniers Arrangements pour l\u2019halloween Arrangements pour pots pour l\u2019hiver Pots et plantes pour l\u2019int\u00e9rieur<\/p>\n","protected":false},"author":2,"featured_media":0,"parent":0,"menu_order":0,"comment_status":"closed","ping_status":"closed","template":"","meta":{"_et_pb_use_builder":"on","_et_pb_old_content":"","_et_gb_content_width":"","footnotes":""},"class_list":["post-226","page","type-page","status-publish","hentry"],"_links":{"self":[{"href":"https:\/\/stuartwebsterhorticulture.com\/fr\/wp-json\/wp\/v2\/pages\/226","targetHints":{"allow":["GET"]}}],"collection":[{"href":"https:\/\/stuartwebsterhorticulture.com\/fr\/wp-json\/wp\/v2\/pages"}],"about":[{"href":"https:\/\/stuartwebsterhorticulture.com\/fr\/wp-json\/wp\/v2\/types\/page"}],"author":[{"embeddable":true,"href":"https:\/\/stuartwebsterhorticulture.com\/fr\/wp-json\/wp\/v2\/users\/2"}],"replies":[{"embeddable":true,"href":"https:\/\/stuartwebsterhorticulture.com\/fr\/wp-json\/wp\/v2\/comments?post=226"}],"version-history":[{"count":13,"href":"https:\/\/stuartwebsterhorticulture.com\/fr\/wp-json\/wp\/v2\/pages\/226\/revisions"}],"predecessor-version":[{"id":271,"href":"https:\/\/stuartwebsterhorticulture.com\/fr\/wp-json\/wp\/v2\/pages\/226\/revisions\/271"}],"wp:attachment":[{"href":"https:\/\/stuartwebsterhorticulture.com\/fr\/wp-json\/wp\/v2\/media?parent=226"}],"curies":[{"name":"wp","href":"https:\/\/api.w.org\/{rel}","templated":true}]}}