{"id":200,"date":"2021-01-28T15:39:00","date_gmt":"2021-01-28T15:39:00","guid":{"rendered":"https:\/\/stuartwebsterhorticulture.com\/stuart-webster-horticulture\/"},"modified":"2021-02-03T16:16:53","modified_gmt":"2021-02-03T16:16:53","slug":"stuart-webster-horticulture","status":"publish","type":"page","link":"https:\/\/stuartwebsterhorticulture.com\/fr\/","title":{"rendered":"Stuart Webster Horticulture"},"content":{"rendered":"<p>[et_pb_section fb_built=\u00a0\u00bb1&Prime; admin_label=\u00a0\u00bbHero section\u00a0\u00bb _builder_version=\u00a0\u00bb4.8.1&Prime; background_image=\u00a0\u00bbhttp:\/\/stuartwebsterhorticulture.com\/wp-content\/uploads\/2021\/01\/Horticulture_Home.jpg\u00a0\u00bb custom_margin=\u00a0\u00bb|||\u00a0\u00bb custom_padding=\u00a0\u00bb20%||20%||false|false\u00a0\u00bb][\/et_pb_section][et_pb_section fb_built=\u00a0\u00bb1&Prime; admin_label=\u00a0\u00bbAbout text\u00a0\u00bb _builder_version=\u00a0\u00bb4.4.6&Prime; custom_margin=\u00a0\u00bb|||\u00a0\u00bb custom_padding=\u00a0\u00bb0px|0px|2px|0px||\u00a0\u00bb][et_pb_row _builder_version=\u00a0\u00bb4.4.3&Prime; module_alignment=\u00a0\u00bbcenter\u00a0\u00bb custom_padding=\u00a0\u00bb34px||47px|||\u00a0\u00bb animation_style=\u00a0\u00bbfade\u00a0\u00bb][et_pb_column type=\u00a0\u00bb4_4&Prime; _builder_version=\u00a0\u00bb3.25&Prime; custom_padding=\u00a0\u00bb|||\u00a0\u00bb custom_padding__hover=\u00a0\u00bb|||\u00a0\u00bb][et_pb_text _builder_version=\u00a0\u00bb4.4.3&Prime; text_font=\u00a0\u00bb||||||||\u00a0\u00bb header_font=\u00a0\u00bb||||||||\u00a0\u00bb header_text_align=\u00a0\u00bbleft\u00a0\u00bb header_font_size=\u00a0\u00bb19px\u00a0\u00bb header_2_font=\u00a0\u00bbPlayfair Display|700|||||||\u00a0\u00bb header_2_letter_spacing=\u00a0\u00bb1px\u00a0\u00bb header_3_font=\u00a0\u00bbPoppins|700||on|||||\u00a0\u00bb header_3_text_color=\u00a0\u00bb#1ba64d\u00a0\u00bb header_3_font_size=\u00a0\u00bb14px\u00a0\u00bb header_3_letter_spacing=\u00a0\u00bb1px\u00a0\u00bb header_3_line_height=\u00a0\u00bb2em\u00a0\u00bb max_width=\u00a0\u00bb700px\u00a0\u00bb module_alignment=\u00a0\u00bbleft\u00a0\u00bb min_height=\u00a0\u00bb40px\u00a0\u00bb custom_margin=\u00a0\u00bb||1px||false|false\u00a0\u00bb]<\/p>\n<h2 style=\"text-align: left\">\u00c0 propos de nous<\/h2>\n<p>[\/et_pb_text][et_pb_divider color=\u00a0\u00bb#e0e0e0&Prime; divider_weight=\u00a0\u00bb2px\u00a0\u00bb _builder_version=\u00a0\u00bb4.8.1&Prime; max_width=\u00a0\u00bb60px\u00a0\u00bb module_alignment=\u00a0\u00bbleft\u00a0\u00bb height=\u00a0\u00bb2px\u00a0\u00bb][\/et_pb_divider][et_pb_text _builder_version=\u00a0\u00bb4.4.6&Prime; text_font=\u00a0\u00bbPoppins||||||||\u00a0\u00bb text_font_size=\u00a0\u00bb12px\u00a0\u00bb text_letter_spacing=\u00a0\u00bb1px\u00a0\u00bb text_line_height=\u00a0\u00bb1.8em\u00a0\u00bb max_width=\u00a0\u00bb1000px\u00a0\u00bb module_alignment=\u00a0\u00bbleft\u00a0\u00bb custom_margin=\u00a0\u00bb-13px||||false|false\u00a0\u00bb]<\/p>\n<p style=\"text-align: left\"><span><span style=\"color: #0c71c3\"><strong>Stuart Webster Horticulture<\/strong><\/span> est fier d\u2019offrir \u00e0 sa client\u00e8le des services qui se distinguent par leur excellence et leur cr\u00e9ativit\u00e9. Notre passion pour l\u2019horticulture et l\u2019\u00e9ventail de nos activit\u00e9s, s\u2019\u00e9tendant de l\u2019entretien horticole \u00e0 une vari\u00e9t\u00e9 de types de plantations, permettront d\u2019accentuer la beaut\u00e9 de votre jardin au rythme des saisons tout en maintenant son caract\u00e8re \u00e0 travers le temps.<\/span><\/p>\n<p><span>Notre passion pour l\u2019horticulture et l\u2019\u00e9ventail de nos activit\u00e9s, s\u2019\u00e9tendant de l\u2019entretien horticole \u00e0 une vari\u00e9t\u00e9 de types de plantations, permettront d\u2019accentuer la beaut\u00e9 de votre jardin au rythme des saisons tout en maintenant son caract\u00e8re \u00e0 travers le temps.<\/span><\/p>\n<p>[\/et_pb_text][\/et_pb_column][\/et_pb_row][\/et_pb_section]<\/p>\n","protected":false},"excerpt":{"rendered":"<p>\u00c0 propos de nousStuart Webster Horticulture est fier d\u2019offrir \u00e0 sa client\u00e8le des services qui se distinguent par leur excellence et leur cr\u00e9ativit\u00e9. Notre passion pour l\u2019horticulture et l\u2019\u00e9ventail de nos activit\u00e9s, s\u2019\u00e9tendant de l\u2019entretien horticole \u00e0 une vari\u00e9t\u00e9 de types de plantations, permettront d\u2019accentuer la beaut\u00e9 de votre jardin au rythme des saisons tout [&hellip;]<\/p>\n","protected":false},"author":2,"featured_media":0,"parent":0,"menu_order":0,"comment_status":"closed","ping_status":"closed","template":"","meta":{"_et_pb_use_builder":"on","_et_pb_old_content":"","_et_gb_content_width":"","footnotes":""},"class_list":["post-200","page","type-page","status-publish","hentry"],"_links":{"self":[{"href":"https:\/\/stuartwebsterhorticulture.com\/fr\/wp-json\/wp\/v2\/pages\/200","targetHints":{"allow":["GET"]}}],"collection":[{"href":"https:\/\/stuartwebsterhorticulture.com\/fr\/wp-json\/wp\/v2\/pages"}],"about":[{"href":"https:\/\/stuartwebsterhorticulture.com\/fr\/wp-json\/wp\/v2\/types\/page"}],"author":[{"embeddable":true,"href":"https:\/\/stuartwebsterhorticulture.com\/fr\/wp-json\/wp\/v2\/users\/2"}],"replies":[{"embeddable":true,"href":"https:\/\/stuartwebsterhorticulture.com\/fr\/wp-json\/wp\/v2\/comments?post=200"}],"version-history":[{"count":23,"href":"https:\/\/stuartwebsterhorticulture.com\/fr\/wp-json\/wp\/v2\/pages\/200\/revisions"}],"predecessor-version":[{"id":295,"href":"https:\/\/stuartwebsterhorticulture.com\/fr\/wp-json\/wp\/v2\/pages\/200\/revisions\/295"}],"wp:attachment":[{"href":"https:\/\/stuartwebsterhorticulture.com\/fr\/wp-json\/wp\/v2\/media?parent=200"}],"curies":[{"name":"wp","href":"https:\/\/api.w.org\/{rel}","templated":true}]}}